{"id":1128,"date":"2018-04-22T22:31:30","date_gmt":"2018-04-22T22:31:30","guid":{"rendered":"http:\/\/salvatoretripodi.it\/2016\/?page_id=1128"},"modified":"2018-04-23T18:42:52","modified_gmt":"2018-04-23T18:42:52","slug":"domanda-2-questionario-aimp","status":"publish","type":"page","link":"https:\/\/salvatoretripodi.it\/2016\/risorse-pazienti\/quiz-di-aerobiologia-inquinamento-ambientale-e-monitoraggio-pazienti\/risposte\/domanda-2-questionario-aimp\/","title":{"rendered":"Domanda 2 questionario AIMP"},"content":{"rendered":"<div class=\"page\" title=\"Page 3\">\n<div class=\"layoutArea\">\n<div class=\"column\">\n<h2><span style=\"color: #3366ff;\">2) L\u2019esposizione a fumo passivo nei bambini:<\/span><\/h2>\n<h3><strong>c) Ha gravi effetti sulla salute respiratoria.<\/strong><\/h3>\n<h4><span style=\"color: #3366ff;\">Diversi studi hanno efficacemente dimostrato che l\u2019esposizione a fumo passivo ha gravi effetti sulla salute dei bambini, i quali, inoltre, sono pi\u00f9 sensibili degli adulti agli effetti nocivi degli inquinanti a causa di una serie di fattori: frequenza respiratoria pi\u00f9 elevata, immaturit\u00e0 dei sistemi immunitario, respiratorio e del metabolismo, nonch\u00e9 il pi\u00f9 lungo tempo di esposizione dovuto alla maggiore aspettativa di vita. I maggiori rischi da esposizione riguardano la salute respiratoria. Una delle pi\u00f9 recenti metanalisi, condotta su 79 studi, ha dimostrato che i bambini esposti a fumo di tabacco ambientale (Environmental Tabacco Smoke, ETS), hanno un rischio ambientale del 20-85% di avere sibili ed asma, evidenziando cos\u00ec il peso significativo che l\u2019esposizione a fumo passivo ha sulla salute respiratoria in et\u00e0 evolutiva.<\/span><\/h4>\n<h4><span style=\"color: #3366ff;\">Dati dell\u2019Indagine Nazionale sulla Salute dei Bambini condotta Negli Stati Uniti nel 2007 hanno dimostrato che un quarto dei bambini vive con soggetti che fanno uso di tabacco e che l\u2019esposizione a fumo passivo all\u2019interno dell\u2019abitazione aumenta di pari passo con l\u2019et\u00e0 (specie in condizioni di svantaggio sociale) e si associa con un maggiore rischio di asma secondo una relazione dose-risposta. In particolare, l\u2019esposizione a fumo passivo materno sembrerebbe conferire un rischio maggiore rispetto al fumo paterno, probabilmente perch\u00e9 le madri stanno a pi\u00f9 stretto contatto con i propri figli rispetto ai padri.<\/span><\/h4>\n<p>Burke H, Leonardi-Bee J, Hashim A, et al. Prenatal and passive smoke exposure and incidence of asthma and wheeze: systematic review and meta-analysis. Pediatrics 2012;129:735-44.<\/p>\n<p>Hawkins SS, Berkman L. Increased tobacco exposure in older children and its effects on asthma and ear infections.J Adolesc Health 2011;48:647-50.<\/p>\n<p>Tsai CH, Huang JH, Hwang BF, et al. Household environmental tobacco smoke and risks of asthma, wheeze and bron- chitic symptoms among children in Taiwan. Respir Res 2010;11:11.<\/p>\n<\/div>\n<\/div>\n<\/div>\n","protected":false},"excerpt":{"rendered":"<p>2) L\u2019esposizione a fumo passivo nei bambini: c) Ha gravi effetti sulla salute respiratoria. Diversi studi hanno efficacemente dimostrato che l\u2019esposizione a fumo passivo ha gravi effetti sulla salute dei bambini, i quali, inoltre, sono pi\u00f9 sensibili degli adulti agli effetti nocivi degli inquinanti a causa di una serie di fattori: frequenza respiratoria pi\u00f9 elevata,&#8230;<\/p>\n","protected":false},"author":3,"featured_media":0,"parent":1137,"menu_order":2,"comment_status":"closed","ping_status":"closed","template":"","meta":[],"_links":{"self":[{"href":"https:\/\/salvatoretripodi.it\/2016\/wp-json\/wp\/v2\/pages\/1128"}],"collection":[{"href":"https:\/\/salvatoretripodi.it\/2016\/wp-json\/wp\/v2\/pages"}],"about":[{"href":"https:\/\/salvatoretripodi.it\/2016\/wp-json\/wp\/v2\/types\/page"}],"author":[{"embeddable":true,"href":"https:\/\/salvatoretripodi.it\/2016\/wp-json\/wp\/v2\/users\/3"}],"replies":[{"embeddable":true,"href":"https:\/\/salvatoretripodi.it\/2016\/wp-json\/wp\/v2\/comments?post=1128"}],"version-history":[{"count":1,"href":"https:\/\/salvatoretripodi.it\/2016\/wp-json\/wp\/v2\/pages\/1128\/revisions"}],"predecessor-version":[{"id":1129,"href":"https:\/\/salvatoretripodi.it\/2016\/wp-json\/wp\/v2\/pages\/1128\/revisions\/1129"}],"up":[{"embeddable":true,"href":"https:\/\/salvatoretripodi.it\/2016\/wp-json\/wp\/v2\/pages\/1137"}],"wp:attachment":[{"href":"https:\/\/salvatoretripodi.it\/2016\/wp-json\/wp\/v2\/media?parent=1128"}],"curies":[{"name":"wp","href":"https:\/\/api.w.org\/{rel}","templated":true}]}}